{"id":3128,"date":"2020-11-29T09:48:59","date_gmt":"2020-11-29T08:48:59","guid":{"rendered":"https:\/\/www.beniss.it\/?post_type=product&#038;p=3128"},"modified":"2020-11-29T10:00:50","modified_gmt":"2020-11-29T09:00:50","slug":"cavatappi-parrot","status":"publish","type":"product","link":"https:\/\/www.beniss.it\/?product=cavatappi-parrot","title":{"rendered":"Cavatappi Parrot"},"content":{"rendered":"<p>Il cavatappi sommelier \u201c<strong>Parrot<\/strong>\u201d, disegnato da <strong>Alessandro Mendini<\/strong>, \u00e8 un pratico utensile che si pu\u00f2 tenere in tasca. Piccolo e maneggevole, si propone di soddisfare anche le aspettative dei pi\u00f9 esigenti esperti di vino.<\/p>\n<p><img loading=\"lazy\" decoding=\"async\" class=\"alignnone wp-image-3130 size-full\" src=\"https:\/\/www.beniss.it\/wp-content\/uploads\/2020\/11\/ALE-parrot-V.jpg\" alt=\"Cavatappi Parrot Alessi\" width=\"600\" height=\"600\" srcset=\"https:\/\/www.beniss.it\/wp-content\/uploads\/2020\/11\/ALE-parrot-V.jpg 600w, https:\/\/www.beniss.it\/wp-content\/uploads\/2020\/11\/ALE-parrot-V-300x300.jpg 300w, https:\/\/www.beniss.it\/wp-content\/uploads\/2020\/11\/ALE-parrot-V-150x150.jpg 150w, https:\/\/www.beniss.it\/wp-content\/uploads\/2020\/11\/ALE-parrot-V-100x100.jpg 100w, https:\/\/www.beniss.it\/wp-content\/uploads\/2020\/11\/ALE-parrot-V-250x250.jpg 250w, https:\/\/www.beniss.it\/wp-content\/uploads\/2020\/11\/ALE-parrot-V-350x350.jpg 350w\" sizes=\"auto, (max-width: 600px) 100vw, 600px\" \/><\/p>\n<h5>REGALA QUESTO ARTICOLO<\/h5>\n<p>Vuoi una consegna speciale o una\u00a0<strong>spedizione\u00a0<\/strong>di un\u00a0<strong>regalo<\/strong>?<br \/>\nQuesto prodotto \u00e8 adatto ad essere spedito in tutta Italia ed Europa<br \/>\nChiedi come telefonando al\u00a0<strong>0362 934149<\/strong><br \/>\nOppure scrivi una email a\u00a0<strong><a href=\"mailto:info@beniss.it\">info@beniss.it<\/a><\/strong><\/p>\n","protected":false},"excerpt":{"rendered":"<p>Cavatappi sommelier<br \/>\nDesign Alessandro Mendini<\/p>\n<p><img loading=\"lazy\" decoding=\"async\" class=\"alignnone size-full wp-image-3045\" src=\"https:\/\/www.beniss.it\/wp-content\/uploads\/2020\/11\/logo-alessi-piccolo-nobordi.jpg\" alt=\"Logo Alessi\" width=\"131\" height=\"34\" \/><\/p>\n","protected":false},"featured_media":3132,"template":"","meta":{"spay_email":""},"product_cat":[127,92,163,161],"product_tag":[162,113,85,53],"class_list":{"0":"post-3128","1":"product","2":"type-product","3":"status-publish","4":"has-post-thumbnail","6":"product_cat-vini","7":"product_cat-shopping","8":"product_cat-bomboniere","9":"product_cat-alessi","10":"product_tag-alessi","11":"product_tag-natale","12":"product_tag-regalo","13":"product_tag-vino","15":"first","16":"instock","17":"shipping-taxable","18":"purchasable","19":"product-type-variable"},"_links":{"self":[{"href":"https:\/\/www.beniss.it\/index.php?rest_route=\/wp\/v2\/product\/3128","targetHints":{"allow":["GET"]}}],"collection":[{"href":"https:\/\/www.beniss.it\/index.php?rest_route=\/wp\/v2\/product"}],"about":[{"href":"https:\/\/www.beniss.it\/index.php?rest_route=\/wp\/v2\/types\/product"}],"wp:featuredmedia":[{"embeddable":true,"href":"https:\/\/www.beniss.it\/index.php?rest_route=\/wp\/v2\/media\/3132"}],"wp:attachment":[{"href":"https:\/\/www.beniss.it\/index.php?rest_route=%2Fwp%2Fv2%2Fmedia&parent=3128"}],"wp:term":[{"taxonomy":"product_cat","embeddable":true,"href":"https:\/\/www.beniss.it\/index.php?rest_route=%2Fwp%2Fv2%2Fproduct_cat&post=3128"},{"taxonomy":"product_tag","embeddable":true,"href":"https:\/\/www.beniss.it\/index.php?rest_route=%2Fwp%2Fv2%2Fproduct_tag&post=3128"}],"curies":[{"name":"wp","href":"https:\/\/api.w.org\/{rel}","templated":true}]}}