{"id":3078,"date":"2020-11-27T09:56:58","date_gmt":"2020-11-27T08:56:58","guid":{"rendered":"https:\/\/www.beniss.it\/?post_type=product&#038;p=3078"},"modified":"2024-12-19T14:21:27","modified_gmt":"2024-12-19T13:21:27","slug":"caffettiera-la-conica","status":"publish","type":"product","link":"https:\/\/www.beniss.it\/?product=caffettiera-la-conica","title":{"rendered":"Caffettiera La Conica"},"content":{"rendered":"<p><strong>La Conica<\/strong>, primo progetto di caffettiera espresso dell&#8217;architetto <strong>Aldo Rossi<\/strong>, nasce da un gioco di forme geometriche semplici che formano una mini architettura da tavola, dallo stile conciso ed elegante.<br \/>\nIcona intramontabile, La Conica ha il corpo in acciaio inossidabile e il fondo in rame: un oggetto ricercato, dalle essenziali linee geometriche che danno vita a uno strumento funzionale con il quale preparare e servire il caff\u00e8.<\/p>\n<p><img loading=\"lazy\" decoding=\"async\" class=\"alignnone wp-image-3080 size-full\" src=\"https:\/\/www.beniss.it\/wp-content\/uploads\/2020\/11\/ALE-conica-2.jpg\" alt=\"La Conica\" width=\"500\" height=\"500\" srcset=\"https:\/\/www.beniss.it\/wp-content\/uploads\/2020\/11\/ALE-conica-2.jpg 500w, https:\/\/www.beniss.it\/wp-content\/uploads\/2020\/11\/ALE-conica-2-300x300.jpg 300w, https:\/\/www.beniss.it\/wp-content\/uploads\/2020\/11\/ALE-conica-2-150x150.jpg 150w, https:\/\/www.beniss.it\/wp-content\/uploads\/2020\/11\/ALE-conica-2-100x100.jpg 100w, https:\/\/www.beniss.it\/wp-content\/uploads\/2020\/11\/ALE-conica-2-250x250.jpg 250w, https:\/\/www.beniss.it\/wp-content\/uploads\/2020\/11\/ALE-conica-2-350x350.jpg 350w\" sizes=\"auto, (max-width: 500px) 100vw, 500px\" \/><\/p>\n<h5>Aldo Rossi<\/h5>\n<p><img loading=\"lazy\" decoding=\"async\" class=\"alignright wp-image-3079 size-thumbnail\" src=\"https:\/\/www.beniss.it\/wp-content\/uploads\/2020\/11\/designer-aldorossi-150x150.jpg\" alt=\"Aldo Rossi\" width=\"150\" height=\"150\" srcset=\"https:\/\/www.beniss.it\/wp-content\/uploads\/2020\/11\/designer-aldorossi-150x150.jpg 150w, https:\/\/www.beniss.it\/wp-content\/uploads\/2020\/11\/designer-aldorossi-100x100.jpg 100w, https:\/\/www.beniss.it\/wp-content\/uploads\/2020\/11\/designer-aldorossi-250x250.jpg 250w, https:\/\/www.beniss.it\/wp-content\/uploads\/2020\/11\/designer-aldorossi.jpg 300w\" sizes=\"auto, (max-width: 150px) 100vw, 150px\" \/><\/p>\n<p>Milanese (1931-1997), \u00e8 considerato da molti il pi\u00f9 grande architetto italiano della seconda met\u00e0 del ventesimo secolo. Ha iniziato la sua storia di architetto lavorando con Gardella e Zanuso. Drammaturgo dell&#8217;astrazione, della riduzione e della brevitas, con il suo linguaggio rigoroso di forme primarie, di geometrie e di evocazioni in assenza ha saputo creare alcune delle opere di architettura e di design pi\u00f9 intensamente poetiche della sua epoca.<\/p>\n<h5 class=\"has-vivid-red-color has-text-color\">REGALA QUESTO ARTICOLO<\/h5>\n<p>Vuoi una consegna speciale o una\u00a0<strong>spedizione\u00a0<\/strong>di un\u00a0<strong>regalo<\/strong>?<br \/>\nQuesto prodotto \u00e8 adatto ad essere spedito in tutta Italia ed Europa<br \/>\nChiedi come telefonando al\u00a0<strong>0362 934149<\/strong><br \/>\nOppure scrivi una email a\u00a0<strong><a href=\"mailto:info@beniss.it\">info@beniss.it<\/a><\/strong><\/p>\n<h5><a href=\"https:\/\/www.beniss.it\/?p=2356\">AGGIUNGI PI\u00d9 GUSTO CON I NOSTRI CAFF\u00c8<\/a><\/h5>\n<div id=\"gallery-1\" class=\"gallery galleryid-2891 gallery-columns-4 gallery-size-thumbnail\">\n<figure class=\"gallery-item\">\n<div class=\"gallery-icon landscape\"><a href=\"https:\/\/www.beniss.it\/?attachment_id=3059\"><img loading=\"lazy\" decoding=\"async\" class=\"attachment-thumbnail size-thumbnail\" src=\"https:\/\/www.beniss.it\/wp-content\/uploads\/2020\/11\/CDB-Colombia-125-150x150.jpg\" sizes=\"auto, 100vw\" srcset=\"https:\/\/www.beniss.it\/wp-content\/uploads\/2020\/11\/CDB-Colombia-125-150x150.jpg 150w, https:\/\/www.beniss.it\/wp-content\/uploads\/2020\/11\/CDB-Colombia-125-300x300.jpg 300w, https:\/\/www.beniss.it\/wp-content\/uploads\/2020\/11\/CDB-Colombia-125-100x100.jpg 100w, https:\/\/www.beniss.it\/wp-content\/uploads\/2020\/11\/CDB-Colombia-125-250x250.jpg 250w, https:\/\/www.beniss.it\/wp-content\/uploads\/2020\/11\/CDB-Colombia-125-350x350.jpg 350w, https:\/\/www.beniss.it\/wp-content\/uploads\/2020\/11\/CDB-Colombia-125.jpg 600w\" alt=\"Monorigine Colmbia\" width=\"150\" height=\"150\" \/><\/a><\/div>\n<\/figure>\n<figure class=\"gallery-item\">\n<div class=\"gallery-icon landscape\"><a href=\"https:\/\/www.beniss.it\/?attachment_id=3058\"><img loading=\"lazy\" decoding=\"async\" class=\"attachment-thumbnail size-thumbnail\" src=\"https:\/\/www.beniss.it\/wp-content\/uploads\/2020\/11\/CDB-Rossa-125-150x150.jpg\" sizes=\"auto, 100vw\" srcset=\"https:\/\/www.beniss.it\/wp-content\/uploads\/2020\/11\/CDB-Rossa-125-150x150.jpg 150w, https:\/\/www.beniss.it\/wp-content\/uploads\/2020\/11\/CDB-Rossa-125-300x300.jpg 300w, https:\/\/www.beniss.it\/wp-content\/uploads\/2020\/11\/CDB-Rossa-125-100x100.jpg 100w, https:\/\/www.beniss.it\/wp-content\/uploads\/2020\/11\/CDB-Rossa-125-250x250.jpg 250w, https:\/\/www.beniss.it\/wp-content\/uploads\/2020\/11\/CDB-Rossa-125-350x350.jpg 350w, https:\/\/www.beniss.it\/wp-content\/uploads\/2020\/11\/CDB-Rossa-125.jpg 600w\" alt=\"\" width=\"150\" height=\"150\" \/><\/a><\/div>\n<\/figure>\n<figure class=\"gallery-item\">\n<div class=\"gallery-icon landscape\"><a href=\"https:\/\/www.beniss.it\/?attachment_id=3057\"><img loading=\"lazy\" decoding=\"async\" class=\"attachment-thumbnail size-thumbnail\" src=\"https:\/\/www.beniss.it\/wp-content\/uploads\/2020\/11\/CDB-Oro-125-150x150.jpg\" sizes=\"auto, 100vw\" srcset=\"https:\/\/www.beniss.it\/wp-content\/uploads\/2020\/11\/CDB-Oro-125-150x150.jpg 150w, https:\/\/www.beniss.it\/wp-content\/uploads\/2020\/11\/CDB-Oro-125-300x300.jpg 300w, https:\/\/www.beniss.it\/wp-content\/uploads\/2020\/11\/CDB-Oro-125-100x100.jpg 100w, https:\/\/www.beniss.it\/wp-content\/uploads\/2020\/11\/CDB-Oro-125-250x250.jpg 250w, https:\/\/www.beniss.it\/wp-content\/uploads\/2020\/11\/CDB-Oro-125-350x350.jpg 350w, https:\/\/www.beniss.it\/wp-content\/uploads\/2020\/11\/CDB-Oro-125.jpg 600w\" alt=\"Miscela Oro\" width=\"150\" height=\"150\" \/><\/a><\/div>\n<\/figure>\n<figure class=\"gallery-item\">\n<div class=\"gallery-icon landscape\"><a href=\"https:\/\/www.beniss.it\/?attachment_id=3056\"><img loading=\"lazy\" decoding=\"async\" class=\"attachment-thumbnail size-thumbnail\" src=\"https:\/\/www.beniss.it\/wp-content\/uploads\/2020\/11\/CDB-Dek-125-150x150.jpg\" sizes=\"auto, 100vw\" srcset=\"https:\/\/www.beniss.it\/wp-content\/uploads\/2020\/11\/CDB-Dek-125-150x150.jpg 150w, https:\/\/www.beniss.it\/wp-content\/uploads\/2020\/11\/CDB-Dek-125-300x300.jpg 300w, https:\/\/www.beniss.it\/wp-content\/uploads\/2020\/11\/CDB-Dek-125-100x100.jpg 100w, https:\/\/www.beniss.it\/wp-content\/uploads\/2020\/11\/CDB-Dek-125-250x250.jpg 250w, https:\/\/www.beniss.it\/wp-content\/uploads\/2020\/11\/CDB-Dek-125-350x350.jpg 350w, https:\/\/www.beniss.it\/wp-content\/uploads\/2020\/11\/CDB-Dek-125.jpg 600w\" alt=\"\" width=\"150\" height=\"150\" \/><\/a><\/div>\n<\/figure>\n<\/div>\n","protected":false},"excerpt":{"rendered":"<p>Caffettiera espresso in acciaio inossidabile 18\/10 con fondo in rame<br \/>\n6 tazze<\/p>\n<p><img loading=\"lazy\" decoding=\"async\" class=\"wp-image-2887\" src=\"https:\/\/www.beniss.it\/wp-content\/uploads\/2020\/11\/ALE-logo-150x150.jpg\" alt=\"Logo Alessi\" width=\"80\" height=\"80\" srcset=\"https:\/\/www.beniss.it\/wp-content\/uploads\/2020\/11\/ALE-logo-150x150.jpg 150w, https:\/\/www.beniss.it\/wp-content\/uploads\/2020\/11\/ALE-logo-300x300.jpg 300w, https:\/\/www.beniss.it\/wp-content\/uploads\/2020\/11\/ALE-logo-100x100.jpg 100w, https:\/\/www.beniss.it\/wp-content\/uploads\/2020\/11\/ALE-logo-250x250.jpg 250w, https:\/\/www.beniss.it\/wp-content\/uploads\/2020\/11\/ALE-logo.jpg 350w\" sizes=\"auto, (max-width: 80px) 100vw, 80px\" \/><\/p>\n<p>&nbsp;<\/p>\n","protected":false},"featured_media":3081,"template":"","meta":{"spay_email":""},"product_cat":[134,161],"product_tag":[162,167,113,85,93],"class_list":{"0":"post-3078","1":"product","2":"type-product","3":"status-publish","4":"has-post-thumbnail","6":"product_cat-caffe","7":"product_cat-alessi","8":"product_tag-alessi","9":"product_tag-caffe","10":"product_tag-natale","11":"product_tag-regalo","12":"product_tag-shopping","14":"first","15":"outofstock","16":"shipping-taxable","17":"purchasable","18":"product-type-simple"},"_links":{"self":[{"href":"https:\/\/www.beniss.it\/index.php?rest_route=\/wp\/v2\/product\/3078","targetHints":{"allow":["GET"]}}],"collection":[{"href":"https:\/\/www.beniss.it\/index.php?rest_route=\/wp\/v2\/product"}],"about":[{"href":"https:\/\/www.beniss.it\/index.php?rest_route=\/wp\/v2\/types\/product"}],"wp:featuredmedia":[{"embeddable":true,"href":"https:\/\/www.beniss.it\/index.php?rest_route=\/wp\/v2\/media\/3081"}],"wp:attachment":[{"href":"https:\/\/www.beniss.it\/index.php?rest_route=%2Fwp%2Fv2%2Fmedia&parent=3078"}],"wp:term":[{"taxonomy":"product_cat","embeddable":true,"href":"https:\/\/www.beniss.it\/index.php?rest_route=%2Fwp%2Fv2%2Fproduct_cat&post=3078"},{"taxonomy":"product_tag","embeddable":true,"href":"https:\/\/www.beniss.it\/index.php?rest_route=%2Fwp%2Fv2%2Fproduct_tag&post=3078"}],"curies":[{"name":"wp","href":"https:\/\/api.w.org\/{rel}","templated":true}]}}