{"id":2768,"date":"2020-11-13T18:24:52","date_gmt":"2020-11-13T17:24:52","guid":{"rendered":"https:\/\/www.beniss.it\/?post_type=product&#038;p=2768"},"modified":"2024-01-10T08:14:44","modified_gmt":"2024-01-10T07:14:44","slug":"amaro-gentile-mazzetti","status":"publish","type":"product","link":"https:\/\/www.beniss.it\/?product=amaro-gentile-mazzetti","title":{"rendered":"Amaro Gentile Mazzetti"},"content":{"rendered":"<p>Un antico elisir di tredici erbe, bacche e radici raccolte sui rilievi piemontesi ha ispirato l\u2019Amaro Gentile. Ogni variet\u00e0 dona note assai particolari al prodotto e porta con s\u00e9 tradizionali propriet\u00e0 profumanti, aromatizzanti e digestive. Una parte delle erbe viene posta a macero per dodici mesi in Grappa di Moscato Invecchiata mentre la restante parte viene messa in infusione in alcool, insieme a scorza d\u2019arancia e di limone. Si riconoscono la salvia, la maggiorana, le radici di genziana ed anche il timo.<\/p>\n<p>Pregiato digestivo, l\u2019Amaro Gentile diventa anche un aperitivo da rinfrescare con ghiaccio, ed eventualmente da accompagnare con menta e scorza di limone.<\/p>\n<h5 class=\"has-vivid-red-color has-text-color\">Regala questo articolo<\/h5>\n<p>Vuoi una consegna speciale o una\u00a0<strong>spedizione\u00a0<\/strong>di un <strong>regalo<\/strong>?<br \/>\nQuesto prodotto \u00e8 adatto ad essere spedito in tutta Italia ed Europa<br \/>\nChiedi come telefonando al <strong>0362 934149<\/strong><br \/>\nOppure scrivi una email a <strong><a href=\"mailto:info@beniss.it\">info@beniss.it<\/a><\/strong><\/p>\n<p><img loading=\"lazy\" decoding=\"async\" class=\"alignnone size-thumbnail wp-image-1849\" src=\"https:\/\/www.beniss.it\/wp-content\/uploads\/2020\/05\/ico_regalo-150x150.png\" alt=\"\" width=\"70\" height=\"70\" srcset=\"https:\/\/www.beniss.it\/wp-content\/uploads\/2020\/05\/ico_regalo-150x150.png 150w, https:\/\/www.beniss.it\/wp-content\/uploads\/2020\/05\/ico_regalo-300x300.png 300w, https:\/\/www.beniss.it\/wp-content\/uploads\/2020\/05\/ico_regalo-100x100.png 100w, https:\/\/www.beniss.it\/wp-content\/uploads\/2020\/05\/ico_regalo-250x250.png 250w, https:\/\/www.beniss.it\/wp-content\/uploads\/2020\/05\/ico_regalo-350x350.png 350w, https:\/\/www.beniss.it\/wp-content\/uploads\/2020\/05\/ico_regalo.png 512w\" sizes=\"auto, (max-width: 70px) 100vw, 70px\" \/><\/p>\n","protected":false},"excerpt":{"rendered":"<p>Amaro Mazzetti d&#8217;Altavilla<br \/>\nBottiglia 70 cl<br \/>\nGradazione 30%<\/p>\n","protected":false},"featured_media":2769,"template":"","meta":{"spay_email":""},"product_cat":[123],"product_tag":[113,124],"class_list":{"0":"post-2768","1":"product","2":"type-product","3":"status-publish","4":"has-post-thumbnail","6":"product_cat-liquori","7":"product_tag-natale","8":"product_tag-spirits","9":"product_shipping_class-spedizione","11":"first","12":"instock","13":"shipping-taxable","14":"purchasable","15":"product-type-simple"},"_links":{"self":[{"href":"https:\/\/www.beniss.it\/index.php?rest_route=\/wp\/v2\/product\/2768","targetHints":{"allow":["GET"]}}],"collection":[{"href":"https:\/\/www.beniss.it\/index.php?rest_route=\/wp\/v2\/product"}],"about":[{"href":"https:\/\/www.beniss.it\/index.php?rest_route=\/wp\/v2\/types\/product"}],"wp:featuredmedia":[{"embeddable":true,"href":"https:\/\/www.beniss.it\/index.php?rest_route=\/wp\/v2\/media\/2769"}],"wp:attachment":[{"href":"https:\/\/www.beniss.it\/index.php?rest_route=%2Fwp%2Fv2%2Fmedia&parent=2768"}],"wp:term":[{"taxonomy":"product_cat","embeddable":true,"href":"https:\/\/www.beniss.it\/index.php?rest_route=%2Fwp%2Fv2%2Fproduct_cat&post=2768"},{"taxonomy":"product_tag","embeddable":true,"href":"https:\/\/www.beniss.it\/index.php?rest_route=%2Fwp%2Fv2%2Fproduct_tag&post=2768"}],"curies":[{"name":"wp","href":"https:\/\/api.w.org\/{rel}","templated":true}]}}