{"id":2761,"date":"2020-11-27T10:16:34","date_gmt":"2020-11-27T09:16:34","guid":{"rendered":"https:\/\/www.beniss.it\/?post_type=product&#038;p=2761"},"modified":"2022-01-28T18:08:28","modified_gmt":"2022-01-28T17:08:28","slug":"veneziana-beniss","status":"publish","type":"product","link":"https:\/\/www.beniss.it\/?product=veneziana-beniss","title":{"rendered":"Veneziana Ben\u00ecss"},"content":{"rendered":"<p>Secondo la tradizione meneghina, passato il Natale, il panettone lascia il posto alla sua versione senza uvetta:\u00a0la <strong>veneziana<\/strong>, dolce dall\u2019impasto soffice, arricchito di canditi e ricoperto da una glassa croccante di nocciole e mandorle.<br \/>\nLa veneziana artigianale\u00a0\u00e8 il dolce che, insieme al panettone e al pandoro, completa la tradizione dei nostri dolci natalizi.<\/p>\n<p>La\u00a0veneziana artigianale Ben\u00ecss, lievitata naturalmente, \u00e8 preparata con ingredienti genuini e di prima qualit\u00e0, con lievito naturale senza conservanti, un burro di panna fresca centrifugata.<\/p>\n<h5 class=\"has-vivid-red-color has-text-color\">Regala questo articolo<\/h5>\n<p>Vuoi una consegna speciale o una\u00a0<strong>spedizione\u00a0<\/strong>di un <strong>regalo<\/strong>?<br \/>\nQuesto prodotto \u00e8 adatto ad essere spedito in tutta Italia ed Europa<br \/>\nChiedi come telefonando al <strong>0362 930071<\/strong><br \/>\nOppure scrivi una email a <strong><a href=\"mailto:info@beniss.it\">info@beniss.it<\/a><\/strong><\/p>\n<p><img loading=\"lazy\" decoding=\"async\" class=\"alignnone size-thumbnail wp-image-1849\" src=\"https:\/\/www.beniss.it\/wp-content\/uploads\/2020\/05\/ico_regalo-150x150.png\" alt=\"\" width=\"70\" height=\"70\" srcset=\"https:\/\/www.beniss.it\/wp-content\/uploads\/2020\/05\/ico_regalo-150x150.png 150w, https:\/\/www.beniss.it\/wp-content\/uploads\/2020\/05\/ico_regalo-300x300.png 300w, https:\/\/www.beniss.it\/wp-content\/uploads\/2020\/05\/ico_regalo-100x100.png 100w, https:\/\/www.beniss.it\/wp-content\/uploads\/2020\/05\/ico_regalo-250x250.png 250w, https:\/\/www.beniss.it\/wp-content\/uploads\/2020\/05\/ico_regalo-350x350.png 350w, https:\/\/www.beniss.it\/wp-content\/uploads\/2020\/05\/ico_regalo.png 512w\" sizes=\"auto, (max-width: 70px) 100vw, 70px\" \/><\/p>\n","protected":false},"excerpt":{"rendered":"<p>Veneziana tradizionale kg.1<\/p>\n","protected":false},"featured_media":2762,"template":"","meta":{"spay_email":""},"product_cat":[122],"product_tag":[113,114],"class_list":{"0":"post-2761","1":"product","2":"type-product","3":"status-publish","4":"has-post-thumbnail","6":"product_cat-panettoni-beniss","7":"product_tag-natale","8":"product_tag-panettone","9":"product_shipping_class-spedizione","11":"first","12":"outofstock","13":"shipping-taxable","14":"purchasable","15":"product-type-simple"},"_links":{"self":[{"href":"https:\/\/www.beniss.it\/index.php?rest_route=\/wp\/v2\/product\/2761","targetHints":{"allow":["GET"]}}],"collection":[{"href":"https:\/\/www.beniss.it\/index.php?rest_route=\/wp\/v2\/product"}],"about":[{"href":"https:\/\/www.beniss.it\/index.php?rest_route=\/wp\/v2\/types\/product"}],"wp:featuredmedia":[{"embeddable":true,"href":"https:\/\/www.beniss.it\/index.php?rest_route=\/wp\/v2\/media\/2762"}],"wp:attachment":[{"href":"https:\/\/www.beniss.it\/index.php?rest_route=%2Fwp%2Fv2%2Fmedia&parent=2761"}],"wp:term":[{"taxonomy":"product_cat","embeddable":true,"href":"https:\/\/www.beniss.it\/index.php?rest_route=%2Fwp%2Fv2%2Fproduct_cat&post=2761"},{"taxonomy":"product_tag","embeddable":true,"href":"https:\/\/www.beniss.it\/index.php?rest_route=%2Fwp%2Fv2%2Fproduct_tag&post=2761"}],"curies":[{"name":"wp","href":"https:\/\/api.w.org\/{rel}","templated":true}]}}