{"id":8,"date":"2020-01-03T17:44:08","date_gmt":"2020-01-03T16:44:08","guid":{"rendered":"https:\/\/www.beniss.it\/?page_id=8"},"modified":"2026-03-26T07:07:31","modified_gmt":"2026-03-26T06:07:31","slug":"siamo-aperti","status":"publish","type":"page","link":"https:\/\/www.beniss.it\/","title":{"rendered":"Benvenuti da Ben\u00ecss !"},"content":{"rendered":"\n<div class=\"wp-block-group\"><div class=\"wp-block-group__inner-container is-layout-flow wp-block-group-is-layout-flow\">\n<p>Ti aspettiamo come sempre al bistr\u00f2 per le tue colazioni, pause pranzo, merende e per concludere la giornata&#8230; <strong>aperitivo Ben\u00ecss <\/strong>!<\/p>\n\n\n\n<div class=\"wp-block-group\"><div class=\"wp-block-group__inner-container is-layout-flow wp-block-group-is-layout-flow\"><\/div><\/div>\n\n\n\n<h5 class=\"wp-block-heading\">Colombe di Pasqua 2026<\/h5>\n\n\n\n<p>Sono arrivate le colombe Ben\u00ecss, Fiasconaro e Dolce&amp;Gabbana<br><a href=\"https:\/\/www.beniss.it\/?p=3370\" data-type=\"post\" data-id=\"3500\">Prenotale subito al bistr\u00f2 o anche online<\/a><\/p>\n\n\n\n<figure class=\"wp-block-image\"><a href=\"https:\/\/www.beniss.it\/?p=3500\"><img loading=\"lazy\" decoding=\"async\" width=\"570\" height=\"380\" src=\"https:\/\/www.beniss.it\/wp-content\/uploads\/2026\/03\/69aec97597830c55f28d97ea.jpg\" alt=\"Colombe di Pasqua\" class=\"wp-image-4915\" srcset=\"https:\/\/www.beniss.it\/wp-content\/uploads\/2026\/03\/69aec97597830c55f28d97ea.jpg 570w, https:\/\/www.beniss.it\/wp-content\/uploads\/2026\/03\/69aec97597830c55f28d97ea-300x200.jpg 300w, https:\/\/www.beniss.it\/wp-content\/uploads\/2026\/03\/69aec97597830c55f28d97ea-350x233.jpg 350w\" sizes=\"auto, (max-width: 570px) 100vw, 570px\" \/><\/a><\/figure>\n\n\n\n<h5 class=\"wp-block-heading\">Eventi in programma<\/h5>\n\n\n\n<p>Save the date!<br>Gli appuntamenti da non perdere al Ben\u00ecss<\/p>\n\n\n<ul class=\"wp-block-latest-posts__list wp-block-latest-posts\"><li><a class=\"wp-block-latest-posts__post-title\" href=\"https:\/\/www.beniss.it\/?p=4904\">26 marzo &#8211; Incontro con Lucia Tilde Ingrosso<\/a><\/li>\n<li><a class=\"wp-block-latest-posts__post-title\" href=\"https:\/\/www.beniss.it\/?p=3475\">Al sabato &#8211; Saturday Brunch<\/a><\/li>\n<li><a class=\"wp-block-latest-posts__post-title\" href=\"https:\/\/www.beniss.it\/?p=3370\">Le colombe 2026 ti aspettano!<\/a><\/li>\n<li><a class=\"wp-block-latest-posts__post-title\" href=\"https:\/\/www.beniss.it\/?p=3811\">25 marzo &#8211; Sfilata Casuel<\/a><\/li>\n<li><a class=\"wp-block-latest-posts__post-title\" href=\"https:\/\/www.beniss.it\/?p=2452\">Dal 26 marzo &#8211; Corso di introduzione al vino<\/a><\/li>\n<\/ul>\n\n\n<h5 class=\"wp-block-heading\">Caffetteria e Pasticceria<\/h5>\n\n\n\n<figure class=\"wp-block-gallery has-nested-images columns-default is-cropped wp-block-gallery-1 is-layout-flex wp-block-gallery-is-layout-flex\">\n<figure class=\"wp-block-image size-large\"><img loading=\"lazy\" decoding=\"async\" width=\"400\" height=\"400\" data-id=\"110\" src=\"https:\/\/www.beniss.it\/wp-content\/uploads\/2020\/01\/q_brioches.jpg\" alt=\"https:\/\/www.beniss.it\/?product=croissant-francese\" class=\"wp-image-110\" srcset=\"https:\/\/www.beniss.it\/wp-content\/uploads\/2020\/01\/q_brioches.jpg 400w, https:\/\/www.beniss.it\/wp-content\/uploads\/2020\/01\/q_brioches-250x250.jpg 250w, https:\/\/www.beniss.it\/wp-content\/uploads\/2020\/01\/q_brioches-100x100.jpg 100w, https:\/\/www.beniss.it\/wp-content\/uploads\/2020\/01\/q_brioches-350x350.jpg 350w, https:\/\/www.beniss.it\/wp-content\/uploads\/2020\/01\/q_brioches-150x150.jpg 150w, https:\/\/www.beniss.it\/wp-content\/uploads\/2020\/01\/q_brioches-300x300.jpg 300w\" sizes=\"auto, (max-width: 400px) 100vw, 400px\" \/><figcaption class=\"wp-element-caption\">Prima colazione<\/figcaption><\/figure>\n\n\n\n<figure class=\"wp-block-image size-large\"><img loading=\"lazy\" decoding=\"async\" width=\"350\" height=\"350\" data-id=\"111\" src=\"https:\/\/www.beniss.it\/wp-content\/uploads\/2020\/01\/q_torrefazione.jpg\" alt=\"\" class=\"wp-image-111\" srcset=\"https:\/\/www.beniss.it\/wp-content\/uploads\/2020\/01\/q_torrefazione.jpg 350w, https:\/\/www.beniss.it\/wp-content\/uploads\/2020\/01\/q_torrefazione-250x250.jpg 250w, https:\/\/www.beniss.it\/wp-content\/uploads\/2020\/01\/q_torrefazione-100x100.jpg 100w, https:\/\/www.beniss.it\/wp-content\/uploads\/2020\/01\/q_torrefazione-150x150.jpg 150w, https:\/\/www.beniss.it\/wp-content\/uploads\/2020\/01\/q_torrefazione-300x300.jpg 300w\" sizes=\"auto, (max-width: 350px) 100vw, 350px\" \/><figcaption class=\"wp-element-caption\">Pausa caff\u00e8<\/figcaption><\/figure>\n\n\n\n<figure class=\"wp-block-image size-large\"><img loading=\"lazy\" decoding=\"async\" width=\"455\" height=\"455\" data-id=\"801\" src=\"https:\/\/www.beniss.it\/wp-content\/uploads\/2020\/04\/mignon_uvetta.jpg\" alt=\"https:\/\/www.beniss.it\/?product=mignon-uvetta\" class=\"wp-image-801\" srcset=\"https:\/\/www.beniss.it\/wp-content\/uploads\/2020\/04\/mignon_uvetta.jpg 455w, https:\/\/www.beniss.it\/wp-content\/uploads\/2020\/04\/mignon_uvetta-150x150.jpg 150w, https:\/\/www.beniss.it\/wp-content\/uploads\/2020\/04\/mignon_uvetta-300x300.jpg 300w, https:\/\/www.beniss.it\/wp-content\/uploads\/2020\/04\/mignon_uvetta-100x100.jpg 100w, https:\/\/www.beniss.it\/wp-content\/uploads\/2020\/04\/mignon_uvetta-250x250.jpg 250w, https:\/\/www.beniss.it\/wp-content\/uploads\/2020\/04\/mignon_uvetta-350x350.jpg 350w\" sizes=\"auto, (max-width: 455px) 100vw, 455px\" \/><figcaption class=\"wp-element-caption\">Mini girella<\/figcaption><\/figure>\n<\/figure>\n\n\n\n<ul class=\"wp-block-list\">\n<li>dalla colazione alla merenda<\/li>\n\n\n\n<li>brioches appena sfornate e farcite al momento<\/li>\n<\/ul>\n\n\n\n<div class=\"wp-block-buttons is-layout-flex wp-block-buttons-is-layout-flex\">\n<div class=\"wp-block-button is-style-fill\"><a class=\"wp-block-button__link wp-element-button\" href=\"https:\/\/www.beniss.it\/menu-bistro.html#caffetteria\" target=\"_blank\" rel=\"noreferrer noopener\">Menu CAFFETTERIA<\/a><\/div>\n<\/div>\n\n\n\n<h5 class=\"wp-block-heading\">Pausa pranzo <\/h5>\n\n\n\n<a class=\"wp-block-gallery-2 is-layout-flex wp-block-gallery-is-layout-flex\" href=\"https:\/\/www.beniss.it\/menu-bistro.html-pranzo\"><figure class=\"wp-block-gallery columns-3 is-cropped\"><ul class=\"blocks-gallery-grid\"><li class=\"blocks-gallery-item\"><figure><img loading=\"lazy\" decoding=\"async\" width=\"602\" height=\"394\" src=\"https:\/\/www.beniss.it\/wp-content\/uploads\/2025\/09\/risotto-alla-milanese.jpg\" alt=\"Risotto alla milanese\" data-id=\"4788\" data-full-url=\"https:\/\/www.beniss.it\/wp-content\/uploads\/2025\/09\/risotto-alla-milanese.jpg\" data-link=\"https:\/\/www.beniss.it\/?attachment_id=4788\" class=\"wp-image-4788\" srcset=\"https:\/\/www.beniss.it\/wp-content\/uploads\/2025\/09\/risotto-alla-milanese.jpg 602w, https:\/\/www.beniss.it\/wp-content\/uploads\/2025\/09\/risotto-alla-milanese-300x196.jpg 300w\" sizes=\"auto, (max-width: 602px) 100vw, 602px\" \/><figcaption class=\"blocks-gallery-item__caption\">Primi piatti<\/figcaption><\/figure><\/li><li class=\"blocks-gallery-item\"><figure><img loading=\"lazy\" decoding=\"async\" width=\"800\" height=\"450\" src=\"https:\/\/www.beniss.it\/wp-content\/uploads\/2025\/09\/Pausa-pranzo-Insalata-greca.jpg\" alt=\"Insalata greca\" data-id=\"4785\" data-full-url=\"https:\/\/www.beniss.it\/wp-content\/uploads\/2025\/09\/Pausa-pranzo-Insalata-greca.jpg\" data-link=\"https:\/\/www.beniss.it\/?attachment_id=4785\" class=\"wp-image-4785\" srcset=\"https:\/\/www.beniss.it\/wp-content\/uploads\/2025\/09\/Pausa-pranzo-Insalata-greca.jpg 800w, https:\/\/www.beniss.it\/wp-content\/uploads\/2025\/09\/Pausa-pranzo-Insalata-greca-300x169.jpg 300w, https:\/\/www.beniss.it\/wp-content\/uploads\/2025\/09\/Pausa-pranzo-Insalata-greca-768x432.jpg 768w\" sizes=\"auto, (max-width: 767px) 89vw, (max-width: 1000px) 54vw, (max-width: 1071px) 543px, 580px\" \/><figcaption class=\"blocks-gallery-item__caption\">Insalata greca<\/figcaption><\/figure><\/li><li class=\"blocks-gallery-item\"><figure><img loading=\"lazy\" decoding=\"async\" width=\"800\" height=\"448\" src=\"https:\/\/www.beniss.it\/wp-content\/uploads\/2025\/09\/Pausa-pranzo-Carpaccio.jpg\" alt=\"Pausa pranzo - Carpaccio\" data-id=\"4786\" data-full-url=\"https:\/\/www.beniss.it\/wp-content\/uploads\/2025\/09\/Pausa-pranzo-Carpaccio.jpg\" data-link=\"https:\/\/www.beniss.it\/?attachment_id=4786\" class=\"wp-image-4786\" srcset=\"https:\/\/www.beniss.it\/wp-content\/uploads\/2025\/09\/Pausa-pranzo-Carpaccio.jpg 800w, https:\/\/www.beniss.it\/wp-content\/uploads\/2025\/09\/Pausa-pranzo-Carpaccio-300x168.jpg 300w, https:\/\/www.beniss.it\/wp-content\/uploads\/2025\/09\/Pausa-pranzo-Carpaccio-768x430.jpg 768w\" sizes=\"auto, (max-width: 767px) 89vw, (max-width: 1000px) 54vw, (max-width: 1071px) 543px, 580px\" \/><figcaption class=\"blocks-gallery-item__caption\">Pausa pranzo &#8211; Carpaccio<\/figcaption><\/figure><\/li><\/ul><\/figure><\/a>\n\n\n\n<ul class=\"wp-block-list\">\n<li>tutti i giorni da marted\u00ec a sabato per i tuoi <strong>PRANZI<\/strong> al bistr\u00f2<\/li>\n\n\n\n<li>al sabato <strong>BRUNCH <\/strong>dalle 12.00 alle 15.00<\/li>\n<\/ul>\n\n\n\n<div class=\"wp-block-buttons is-layout-flex wp-block-buttons-is-layout-flex\">\n<div class=\"wp-block-button is-style-fill\"><a class=\"wp-block-button__link wp-element-button\" href=\"https:\/\/www.beniss.it\/menu-bistro.html#pranzo\" target=\"_blank\" rel=\"noreferrer noopener\">Oggi in CUCINA<\/a><\/div>\n<\/div>\n\n\n\n<h5 class=\"wp-block-heading\">Aperitivi <\/h5>\n\n\n\n<figure class=\"wp-block-gallery has-nested-images columns-default is-cropped wp-block-gallery-3 is-layout-flex wp-block-gallery-is-layout-flex\">\n<figure class=\"wp-block-image size-large\"><img loading=\"lazy\" decoding=\"async\" width=\"600\" height=\"600\" data-id=\"4535\" src=\"https:\/\/www.beniss.it\/wp-content\/uploads\/2024\/09\/Anniversario-Beniss-5-aperitivo.jpg\" alt=\"\" class=\"wp-image-4535\" srcset=\"https:\/\/www.beniss.it\/wp-content\/uploads\/2024\/09\/Anniversario-Beniss-5-aperitivo.jpg 600w, https:\/\/www.beniss.it\/wp-content\/uploads\/2024\/09\/Anniversario-Beniss-5-aperitivo-300x300.jpg 300w, https:\/\/www.beniss.it\/wp-content\/uploads\/2024\/09\/Anniversario-Beniss-5-aperitivo-150x150.jpg 150w, https:\/\/www.beniss.it\/wp-content\/uploads\/2024\/09\/Anniversario-Beniss-5-aperitivo-100x100.jpg 100w, https:\/\/www.beniss.it\/wp-content\/uploads\/2024\/09\/Anniversario-Beniss-5-aperitivo-250x250.jpg 250w, https:\/\/www.beniss.it\/wp-content\/uploads\/2024\/09\/Anniversario-Beniss-5-aperitivo-350x350.jpg 350w\" sizes=\"auto, (max-width: 600px) 100vw, 600px\" \/><figcaption class=\"wp-element-caption\">Stuzzicherie<\/figcaption><\/figure>\n\n\n\n<figure class=\"wp-block-image size-large\"><img loading=\"lazy\" decoding=\"async\" width=\"1024\" height=\"547\" data-id=\"4550\" src=\"https:\/\/www.beniss.it\/wp-content\/uploads\/2024\/11\/aperitivo-prosecco-spritz-1024x547.jpg\" alt=\"Aperitivo prosecco e spritz\" class=\"wp-image-4550\" srcset=\"https:\/\/www.beniss.it\/wp-content\/uploads\/2024\/11\/aperitivo-prosecco-spritz-1024x547.jpg 1024w, https:\/\/www.beniss.it\/wp-content\/uploads\/2024\/11\/aperitivo-prosecco-spritz-300x160.jpg 300w, https:\/\/www.beniss.it\/wp-content\/uploads\/2024\/11\/aperitivo-prosecco-spritz-768x410.jpg 768w, https:\/\/www.beniss.it\/wp-content\/uploads\/2024\/11\/aperitivo-prosecco-spritz-350x187.jpg 350w, https:\/\/www.beniss.it\/wp-content\/uploads\/2024\/11\/aperitivo-prosecco-spritz.jpg 1030w\" sizes=\"auto, (max-width: 767px) 89vw, (max-width: 1000px) 54vw, (max-width: 1071px) 543px, 580px\" \/><figcaption class=\"wp-element-caption\">Aperitivo prosecco e spritz<\/figcaption><\/figure>\n\n\n\n<figure class=\"wp-block-image size-large\"><img loading=\"lazy\" decoding=\"async\" width=\"600\" height=\"600\" data-id=\"4533\" src=\"https:\/\/www.beniss.it\/wp-content\/uploads\/2024\/09\/Anniversario-Beniss-3.jpg\" alt=\"\" class=\"wp-image-4533\" srcset=\"https:\/\/www.beniss.it\/wp-content\/uploads\/2024\/09\/Anniversario-Beniss-3.jpg 600w, https:\/\/www.beniss.it\/wp-content\/uploads\/2024\/09\/Anniversario-Beniss-3-300x300.jpg 300w, https:\/\/www.beniss.it\/wp-content\/uploads\/2024\/09\/Anniversario-Beniss-3-150x150.jpg 150w, https:\/\/www.beniss.it\/wp-content\/uploads\/2024\/09\/Anniversario-Beniss-3-100x100.jpg 100w, https:\/\/www.beniss.it\/wp-content\/uploads\/2024\/09\/Anniversario-Beniss-3-250x250.jpg 250w, https:\/\/www.beniss.it\/wp-content\/uploads\/2024\/09\/Anniversario-Beniss-3-350x350.jpg 350w\" sizes=\"auto, (max-width: 600px) 100vw, 600px\" \/><figcaption class=\"wp-element-caption\">Drink<\/figcaption><\/figure>\n<\/figure>\n\n\n\n<ul class=\"wp-block-list\">\n<li>tutti i giorni da marted\u00ec a domenica dalle 18.00 <strong>APERITIVO e APERICENA<\/strong><br>il tuo drink preferito accompagnato da gustosi appetizer e piatti dalla cucina del bistr\u00f2<\/li>\n<\/ul>\n\n\n\n<div class=\"wp-block-buttons is-layout-flex wp-block-buttons-is-layout-flex\">\n<div class=\"wp-block-button is-style-fill\"><a class=\"wp-block-button__link wp-element-button\" href=\"https:\/\/www.beniss.it\/menu-bistro.html#aperitivo\" target=\"_blank\" rel=\"noreferrer noopener\">Menu APERITIVI<\/a><\/div>\n<\/div>\n<\/div><\/div>\n\n\n\n<hr class=\"wp-block-separator has-css-opacity\"\/>\n\n\n\n<div class=\"wp-block-woocommerce-product-search\"><div class=\"wc-block-product-search\"><form role=\"search\" method=\"get\" action=\"https:\/\/www.beniss.it\/\"><label for=\"wc-block-product-search-0\" class=\"wc-block-product-search__label\">Cerca un prodotto nel bistr\u00f2<\/label><div class=\"wc-block-product-search__fields\"><input type=\"search\" id=\"wc-block-product-search-0\" class=\"wc-block-product-search__field\" placeholder=\"Ricerca dei prodotti...\" name=\"s\"><input type=\"hidden\" name=\"post_type\" value=\"product\"><button type=\"submit\" class=\"wc-block-product-search__button\" label=\"Cerca\"><svg aria-hidden=\"true\" role=\"img\" focusable=\"false\" class=\"dashicon dashicons-arrow-right-alt2\" xmlns=\"http:\/\/www.w3.org\/2000\/svg\" width=\"20\" height=\"20\" viewBox=\"0 0 20 20\"><path d=\"M6 15l5-5-5-5 1-2 7 7-7 7z\"><\/path><\/svg><\/button><\/div><\/form><\/div><\/div>\n\n\n\n<p><\/p>\n\n\n\n<div id='gallery-1' class='gallery galleryid-8 gallery-columns-3 gallery-size-thumbnail'><figure class='gallery-item'>\n\t\t\t<div class='gallery-icon landscape'>\n\t\t\t\t<img loading=\"lazy\" decoding=\"async\" width=\"150\" height=\"150\" src=\"https:\/\/www.beniss.it\/wp-content\/uploads\/2020\/04\/Croissant-salato-farcito-150x150.jpg\" class=\"attachment-thumbnail size-thumbnail\" alt=\"\" aria-describedby=\"gallery-1-1492\" srcset=\"https:\/\/www.beniss.it\/wp-content\/uploads\/2020\/04\/Croissant-salato-farcito-150x150.jpg 150w, https:\/\/www.beniss.it\/wp-content\/uploads\/2020\/04\/Croissant-salato-farcito-100x100.jpg 100w, https:\/\/www.beniss.it\/wp-content\/uploads\/2020\/04\/Croissant-salato-farcito-250x250.jpg 250w\" sizes=\"auto, 100vw\" \/>\n\t\t\t<\/div>\n\t\t\t\t<figcaption class='wp-caption-text gallery-caption' id='gallery-1-1492'>\n\t\t\t\tCroissant salato farcito\n\t\t\t\t<\/figcaption><\/figure><figure class='gallery-item'>\n\t\t\t<div class='gallery-icon landscape'>\n\t\t\t\t<img loading=\"lazy\" decoding=\"async\" width=\"150\" height=\"150\" src=\"https:\/\/www.beniss.it\/wp-content\/uploads\/2020\/04\/Torta-strudel-di-mele-150x150.jpg\" class=\"attachment-thumbnail size-thumbnail\" alt=\"\" aria-describedby=\"gallery-1-1380\" srcset=\"https:\/\/www.beniss.it\/wp-content\/uploads\/2020\/04\/Torta-strudel-di-mele-150x150.jpg 150w, https:\/\/www.beniss.it\/wp-content\/uploads\/2020\/04\/Torta-strudel-di-mele-100x100.jpg 100w, https:\/\/www.beniss.it\/wp-content\/uploads\/2020\/04\/Torta-strudel-di-mele-250x250.jpg 250w\" sizes=\"auto, 100vw\" \/>\n\t\t\t<\/div>\n\t\t\t\t<figcaption class='wp-caption-text gallery-caption' id='gallery-1-1380'>\n\t\t\t\tStrudel di mele\n\t\t\t\t<\/figcaption><\/figure><figure class='gallery-item'>\n\t\t\t<div class='gallery-icon landscape'>\n\t\t\t\t<img loading=\"lazy\" decoding=\"async\" width=\"150\" height=\"150\" src=\"https:\/\/www.beniss.it\/wp-content\/uploads\/2020\/09\/degustazione-vino-formaggio-150x150.jpg\" class=\"attachment-thumbnail size-thumbnail\" alt=\"Degustazione vino\" aria-describedby=\"gallery-1-2460\" srcset=\"https:\/\/www.beniss.it\/wp-content\/uploads\/2020\/09\/degustazione-vino-formaggio-150x150.jpg 150w, https:\/\/www.beniss.it\/wp-content\/uploads\/2020\/09\/degustazione-vino-formaggio-100x100.jpg 100w, https:\/\/www.beniss.it\/wp-content\/uploads\/2020\/09\/degustazione-vino-formaggio-250x250.jpg 250w\" sizes=\"auto, 100vw\" \/>\n\t\t\t<\/div>\n\t\t\t\t<figcaption class='wp-caption-text gallery-caption' id='gallery-1-2460'>\n\t\t\t\tDegustazione vino\n\t\t\t\t<\/figcaption><\/figure><figure class='gallery-item'>\n\t\t\t<div class='gallery-icon portrait'>\n\t\t\t\t<img loading=\"lazy\" decoding=\"async\" width=\"150\" height=\"150\" src=\"https:\/\/www.beniss.it\/wp-content\/uploads\/2020\/04\/pancake-2-150x150.jpg\" class=\"attachment-thumbnail size-thumbnail\" alt=\"\" aria-describedby=\"gallery-1-1021\" srcset=\"https:\/\/www.beniss.it\/wp-content\/uploads\/2020\/04\/pancake-2-150x150.jpg 150w, https:\/\/www.beniss.it\/wp-content\/uploads\/2020\/04\/pancake-2-100x100.jpg 100w, https:\/\/www.beniss.it\/wp-content\/uploads\/2020\/04\/pancake-2-250x250.jpg 250w\" sizes=\"auto, 100vw\" \/>\n\t\t\t<\/div>\n\t\t\t\t<figcaption class='wp-caption-text gallery-caption' id='gallery-1-1021'>\n\t\t\t\tPancakes\n\t\t\t\t<\/figcaption><\/figure><figure class='gallery-item'>\n\t\t\t<div class='gallery-icon landscape'>\n\t\t\t\t<img loading=\"lazy\" decoding=\"async\" width=\"150\" height=\"150\" src=\"https:\/\/www.beniss.it\/wp-content\/uploads\/2020\/04\/biscotti_baci-1-150x150.jpg\" class=\"attachment-thumbnail size-thumbnail\" alt=\"https:\/\/www.beniss.it\/?product=baci-di-dama\" aria-describedby=\"gallery-1-908\" srcset=\"https:\/\/www.beniss.it\/wp-content\/uploads\/2020\/04\/biscotti_baci-1-150x150.jpg 150w, https:\/\/www.beniss.it\/wp-content\/uploads\/2020\/04\/biscotti_baci-1-100x100.jpg 100w, https:\/\/www.beniss.it\/wp-content\/uploads\/2020\/04\/biscotti_baci-1-250x250.jpg 250w\" sizes=\"auto, 100vw\" \/>\n\t\t\t<\/div>\n\t\t\t\t<figcaption class='wp-caption-text gallery-caption' id='gallery-1-908'>\n\t\t\t\tBaci di dama\n\t\t\t\t<\/figcaption><\/figure><figure class='gallery-item'>\n\t\t\t<div class='gallery-icon landscape'>\n\t\t\t\t<img loading=\"lazy\" decoding=\"async\" width=\"150\" height=\"150\" src=\"https:\/\/www.beniss.it\/wp-content\/uploads\/2020\/04\/krapfen-150x150.jpg\" class=\"attachment-thumbnail size-thumbnail\" alt=\"https:\/\/www.beniss.it\/?product=krapfen\" aria-describedby=\"gallery-1-577\" srcset=\"https:\/\/www.beniss.it\/wp-content\/uploads\/2020\/04\/krapfen-150x150.jpg 150w, https:\/\/www.beniss.it\/wp-content\/uploads\/2020\/04\/krapfen-100x100.jpg 100w, https:\/\/www.beniss.it\/wp-content\/uploads\/2020\/04\/krapfen-250x250.jpg 250w\" sizes=\"auto, 100vw\" \/>\n\t\t\t<\/div>\n\t\t\t\t<figcaption class='wp-caption-text gallery-caption' id='gallery-1-577'>\n\t\t\t\tKrapfen\n\t\t\t\t<\/figcaption><\/figure>\n\t\t<\/div>\n\n\n\n\n<h5 class=\"wp-block-heading\">Link &amp; Social<\/h5>\n\n\n\n<p><a href=\"https:\/\/beniss.voxmail.it\/user\/register\" target=\"_blank\" rel=\"noreferrer noopener\">Iscriviti alla <strong>newsletter<\/strong><\/a><\/p>\n\n\n\n<p><a href=\"https:\/\/www.beniss.it\/?page_id=11\">Apri il calendario degli <strong>eventi <\/strong>in programma<\/a><\/p>\n\n\n\n<p><a href=\"https:\/\/www.facebook.com\/caffebeniss\/\">Seguici su <strong>Facebook<\/strong><\/a><\/p>\n\n\n\n<p><a href=\"https:\/\/www.instagram.com\/caffebeniss\/?hl=it\">Guardaci su <strong>Instagram<\/strong><\/a><\/p>\n\n\n\n<p><a href=\"https:\/\/www.beniss.it\/?page_id=516\">Vai alla pagina del <strong>negozio online<\/strong><\/a><\/p>\n","protected":false},"excerpt":{"rendered":"<p>Ti aspettiamo come sempre al bistr\u00f2 per le tue colazioni, pause pranzo, merende e per concludere la giornata&#8230; aperitivo Ben\u00ecss ! Colombe di Pasqua 2026 Sono arrivate le colombe Ben\u00ecss, &hellip; <\/p>\n<p class=\"link-more\"><a href=\"https:\/\/www.beniss.it\/\" class=\"more-link\">Leggi tutto<span class=\"screen-reader-text\"> &#8220;Benvenuti da Ben\u00ecss !&#8221;<\/span><\/a><\/p>\n","protected":false},"author":1,"featured_media":0,"parent":0,"menu_order":0,"comment_status":"closed","ping_status":"closed","template":"","meta":{"spay_email":"","footnotes":""},"class_list":["post-8","page","type-page","status-publish","hentry"],"_links":{"self":[{"href":"https:\/\/www.beniss.it\/index.php?rest_route=\/wp\/v2\/pages\/8","targetHints":{"allow":["GET"]}}],"collection":[{"href":"https:\/\/www.beniss.it\/index.php?rest_route=\/wp\/v2\/pages"}],"about":[{"href":"https:\/\/www.beniss.it\/index.php?rest_route=\/wp\/v2\/types\/page"}],"author":[{"embeddable":true,"href":"https:\/\/www.beniss.it\/index.php?rest_route=\/wp\/v2\/users\/1"}],"replies":[{"embeddable":true,"href":"https:\/\/www.beniss.it\/index.php?rest_route=%2Fwp%2Fv2%2Fcomments&post=8"}],"version-history":[{"count":236,"href":"https:\/\/www.beniss.it\/index.php?rest_route=\/wp\/v2\/pages\/8\/revisions"}],"predecessor-version":[{"id":4928,"href":"https:\/\/www.beniss.it\/index.php?rest_route=\/wp\/v2\/pages\/8\/revisions\/4928"}],"wp:attachment":[{"href":"https:\/\/www.beniss.it\/index.php?rest_route=%2Fwp%2Fv2%2Fmedia&parent=8"}],"curies":[{"name":"wp","href":"https:\/\/api.w.org\/{rel}","templated":true}]}}